{"id":2,"date":"2025-01-24T13:33:39","date_gmt":"2025-01-24T12:33:39","guid":{"rendered":"https:\/\/morez.eu\/?page_id=2"},"modified":"2026-03-05T10:41:29","modified_gmt":"2026-03-05T09:41:29","slug":"zabezpecovacie-systemy","status":"publish","type":"page","link":"https:\/\/morez.eu\/en\/","title":{"rendered":"Morez Sk"},"content":{"rendered":"<p>Spo\u013eahliv\u00e9 rie\u0161enia pre administrat\u00edvne budovy, \u0161portovisk\u00e1, v\u00fdrobn\u00e9 priestory aj verejn\u00e9 z\u00f3ny. Na\u0161e turnikety kombinuj\u00fa modern\u00fd dizajn s vysokou \u00farov\u0148ou kontroly pr\u00edstupu.<\/p>\n\n\n\n<p><\/p>","protected":false},"excerpt":{"rendered":"<p>Spo\u013eahliv\u00e9 rie\u0161enia pre administrat\u00edvne budovy, \u0161portovisk\u00e1, v\u00fdrobn\u00e9 priestory aj verejn\u00e9 z\u00f3ny. Na\u0161e turnikety kombinuj\u00fa modern\u00fd dizajn s vysokou \u00farov\u0148ou kontroly pr\u00edstupu.<\/p>","protected":false},"author":4,"featured_media":152,"parent":0,"menu_order":0,"comment_status":"closed","ping_status":"closed","template":"","meta":{"_acf_changed":false,"footnotes":""},"class_list":["post-2","page","type-page","status-publish","has-post-thumbnail","hentry"],"acf":[],"yoast_head":"<!-- This site is optimized with the Yoast SEO plugin v26.9 - https:\/\/yoast.com\/product\/yoast-seo-wordpress\/ -->\n<title>Morez Sk - Zabezpe\u010dovacie syst\u00e9my Morez<\/title>\n<meta name=\"description\" content=\"Zabezpe\u010dovacie syst\u00e9my, modern\u00e9 turnikety so softv\u00e9rom. Spo\u013eahliv\u00e9 rie\u0161enie pre budovy, \u0161portovisk\u00e1, priemyseln\u00e9 are\u00e1ly a verejn\u00e9 priestory.\" \/>\n<meta name=\"robots\" content=\"index, follow, max-snippet:-1, max-image-preview:large, max-video-preview:-1\" \/>\n<link rel=\"canonical\" href=\"https:\/\/morez.eu\/en\/\" \/>\n<meta property=\"og:locale\" content=\"en_GB\" \/>\n<meta property=\"og:type\" content=\"article\" \/>\n<meta property=\"og:title\" content=\"Morez Sk - Zabezpe\u010dovacie syst\u00e9my Morez\" \/>\n<meta property=\"og:description\" content=\"Zabezpe\u010dovacie syst\u00e9my, modern\u00e9 turnikety so softv\u00e9rom. Spo\u013eahliv\u00e9 rie\u0161enie pre budovy, \u0161portovisk\u00e1, priemyseln\u00e9 are\u00e1ly a verejn\u00e9 priestory.\" \/>\n<meta property=\"og:url\" content=\"https:\/\/morez.eu\/en\/\" \/>\n<meta property=\"og:site_name\" content=\"Zabezpe\u010dovacie syst\u00e9my Morez\" \/>\n<meta property=\"article:modified_time\" content=\"2026-03-05T09:41:29+00:00\" \/>\n<meta property=\"og:image\" content=\"https:\/\/morez.eu\/wp-content\/uploads\/2025\/01\/Group-48095582-e1737738005686.png\" \/>\n\t<meta property=\"og:image:width\" content=\"3024\" \/>\n\t<meta property=\"og:image:height\" content=\"1593\" \/>\n\t<meta property=\"og:image:type\" content=\"image\/png\" \/>\n<meta name=\"twitter:card\" content=\"summary_large_image\" \/>\n<meta name=\"twitter:label1\" content=\"Estimated reading time\" \/>\n\t<meta name=\"twitter:data1\" content=\"10 minutes\" \/>\n<script type=\"application\/ld+json\" class=\"yoast-schema-graph\">{\"@context\":\"https:\/\/schema.org\",\"@graph\":[{\"@type\":\"WebPage\",\"@id\":\"https:\/\/morez.eu\/\",\"url\":\"https:\/\/morez.eu\/\",\"name\":\"Morez Sk - Zabezpe\u010dovacie syst\u00e9my Morez\",\"isPartOf\":{\"@id\":\"https:\/\/morez.eu\/#website\"},\"primaryImageOfPage\":{\"@id\":\"https:\/\/morez.eu\/#primaryimage\"},\"image\":{\"@id\":\"https:\/\/morez.eu\/#primaryimage\"},\"thumbnailUrl\":\"https:\/\/morez.eu\/wp-content\/uploads\/2025\/01\/Group-48095582-e1737738005686.png\",\"datePublished\":\"2025-01-24T12:33:39+00:00\",\"dateModified\":\"2026-03-05T09:41:29+00:00\",\"description\":\"Zabezpe\u010dovacie syst\u00e9my, modern\u00e9 turnikety so softv\u00e9rom. Spo\u013eahliv\u00e9 rie\u0161enie pre budovy, \u0161portovisk\u00e1, priemyseln\u00e9 are\u00e1ly a verejn\u00e9 priestory.\",\"breadcrumb\":{\"@id\":\"https:\/\/morez.eu\/#breadcrumb\"},\"inLanguage\":\"en-GB\",\"potentialAction\":[{\"@type\":\"ReadAction\",\"target\":[\"https:\/\/morez.eu\/\"]}]},{\"@type\":\"ImageObject\",\"inLanguage\":\"en-GB\",\"@id\":\"https:\/\/morez.eu\/#primaryimage\",\"url\":\"https:\/\/morez.eu\/wp-content\/uploads\/2025\/01\/Group-48095582-e1737738005686.png\",\"contentUrl\":\"https:\/\/morez.eu\/wp-content\/uploads\/2025\/01\/Group-48095582-e1737738005686.png\",\"width\":3024,\"height\":1593},{\"@type\":\"BreadcrumbList\",\"@id\":\"https:\/\/morez.eu\/#breadcrumb\",\"itemListElement\":[{\"@type\":\"ListItem\",\"position\":1,\"name\":\"Domov\",\"item\":\"https:\/\/morez.eu\/\"},{\"@type\":\"ListItem\",\"position\":2,\"name\":\"Morez Sk\"}]},{\"@type\":\"WebSite\",\"@id\":\"https:\/\/morez.eu\/#website\",\"url\":\"https:\/\/morez.eu\/\",\"name\":\"Zabezpe\u010dovacie syst\u00e9my Morez\",\"description\":\"Zabezpe\u010dovacie syst\u00e9my Morez\",\"potentialAction\":[{\"@type\":\"SearchAction\",\"target\":{\"@type\":\"EntryPoint\",\"urlTemplate\":\"https:\/\/morez.eu\/?s={search_term_string}\"},\"query-input\":{\"@type\":\"PropertyValueSpecification\",\"valueRequired\":true,\"valueName\":\"search_term_string\"}}],\"inLanguage\":\"en-GB\"}]}<\/script>\n<!-- \/ Yoast SEO plugin. -->","yoast_head_json":{"title":"Morez Sk - Zabezpe\u010dovacie syst\u00e9my Morez","description":"Zabezpe\u010dovacie syst\u00e9my, modern\u00e9 turnikety so softv\u00e9rom. Spo\u013eahliv\u00e9 rie\u0161enie pre budovy, \u0161portovisk\u00e1, priemyseln\u00e9 are\u00e1ly a verejn\u00e9 priestory.","robots":{"index":"index","follow":"follow","max-snippet":"max-snippet:-1","max-image-preview":"max-image-preview:large","max-video-preview":"max-video-preview:-1"},"canonical":"https:\/\/morez.eu\/en\/","og_locale":"en_GB","og_type":"article","og_title":"Morez Sk - Zabezpe\u010dovacie syst\u00e9my Morez","og_description":"Zabezpe\u010dovacie syst\u00e9my, modern\u00e9 turnikety so softv\u00e9rom. Spo\u013eahliv\u00e9 rie\u0161enie pre budovy, \u0161portovisk\u00e1, priemyseln\u00e9 are\u00e1ly a verejn\u00e9 priestory.","og_url":"https:\/\/morez.eu\/en\/","og_site_name":"Zabezpe\u010dovacie syst\u00e9my Morez","article_modified_time":"2026-03-05T09:41:29+00:00","og_image":[{"width":3024,"height":1593,"url":"https:\/\/morez.eu\/wp-content\/uploads\/2025\/01\/Group-48095582-e1737738005686.png","type":"image\/png"}],"twitter_card":"summary_large_image","twitter_misc":{"Estimated reading time":"10 minutes"},"schema":{"@context":"https:\/\/schema.org","@graph":[{"@type":"WebPage","@id":"https:\/\/morez.eu\/","url":"https:\/\/morez.eu\/","name":"Morez Sk - Zabezpe\u010dovacie syst\u00e9my Morez","isPartOf":{"@id":"https:\/\/morez.eu\/#website"},"primaryImageOfPage":{"@id":"https:\/\/morez.eu\/#primaryimage"},"image":{"@id":"https:\/\/morez.eu\/#primaryimage"},"thumbnailUrl":"https:\/\/morez.eu\/wp-content\/uploads\/2025\/01\/Group-48095582-e1737738005686.png","datePublished":"2025-01-24T12:33:39+00:00","dateModified":"2026-03-05T09:41:29+00:00","description":"Zabezpe\u010dovacie syst\u00e9my, modern\u00e9 turnikety so softv\u00e9rom. Spo\u013eahliv\u00e9 rie\u0161enie pre budovy, \u0161portovisk\u00e1, priemyseln\u00e9 are\u00e1ly a verejn\u00e9 priestory.","breadcrumb":{"@id":"https:\/\/morez.eu\/#breadcrumb"},"inLanguage":"en-GB","potentialAction":[{"@type":"ReadAction","target":["https:\/\/morez.eu\/"]}]},{"@type":"ImageObject","inLanguage":"en-GB","@id":"https:\/\/morez.eu\/#primaryimage","url":"https:\/\/morez.eu\/wp-content\/uploads\/2025\/01\/Group-48095582-e1737738005686.png","contentUrl":"https:\/\/morez.eu\/wp-content\/uploads\/2025\/01\/Group-48095582-e1737738005686.png","width":3024,"height":1593},{"@type":"BreadcrumbList","@id":"https:\/\/morez.eu\/#breadcrumb","itemListElement":[{"@type":"ListItem","position":1,"name":"Domov","item":"https:\/\/morez.eu\/"},{"@type":"ListItem","position":2,"name":"Morez Sk"}]},{"@type":"WebSite","@id":"https:\/\/morez.eu\/#website","url":"https:\/\/morez.eu\/","name":"Morez security systems","description":"Morez security systems","potentialAction":[{"@type":"SearchAction","target":{"@type":"EntryPoint","urlTemplate":"https:\/\/morez.eu\/?s={search_term_string}"},"query-input":{"@type":"PropertyValueSpecification","valueRequired":true,"valueName":"search_term_string"}}],"inLanguage":"en-GB"}]}},"_links":{"self":[{"href":"https:\/\/morez.eu\/en\/wp-json\/wp\/v2\/pages\/2","targetHints":{"allow":["GET"]}}],"collection":[{"href":"https:\/\/morez.eu\/en\/wp-json\/wp\/v2\/pages"}],"about":[{"href":"https:\/\/morez.eu\/en\/wp-json\/wp\/v2\/types\/page"}],"author":[{"embeddable":true,"href":"https:\/\/morez.eu\/en\/wp-json\/wp\/v2\/users\/4"}],"replies":[{"embeddable":true,"href":"https:\/\/morez.eu\/en\/wp-json\/wp\/v2\/comments?post=2"}],"version-history":[{"count":36,"href":"https:\/\/morez.eu\/en\/wp-json\/wp\/v2\/pages\/2\/revisions"}],"predecessor-version":[{"id":4116,"href":"https:\/\/morez.eu\/en\/wp-json\/wp\/v2\/pages\/2\/revisions\/4116"}],"wp:featuredmedia":[{"embeddable":true,"href":"https:\/\/morez.eu\/en\/wp-json\/wp\/v2\/media\/152"}],"wp:attachment":[{"href":"https:\/\/morez.eu\/en\/wp-json\/wp\/v2\/media?parent=2"}],"curies":[{"name":"wp","href":"https:\/\/api.w.org\/{rel}","templated":true}]}}