{"id":214,"date":"2025-01-26T21:03:30","date_gmt":"2025-01-26T20:03:30","guid":{"rendered":"https:\/\/morez.eu\/?page_id=214"},"modified":"2025-11-11T22:00:53","modified_gmt":"2025-11-11T21:00:53","slug":"contact","status":"publish","type":"page","link":"https:\/\/morez.eu\/en\/contact\/","title":{"rendered":"Contact"},"content":{"rendered":"<p>Contact us by email or phone. We\u2019re glad to provide you with details about our products, services, and pricing.<\/p>","protected":false},"excerpt":{"rendered":"<p>Contact us by email or phone. We\u2019re glad to provide you with details about our products, services, and pricing.<\/p>","protected":false},"author":8,"featured_media":0,"parent":0,"menu_order":0,"comment_status":"closed","ping_status":"closed","template":"","meta":{"_acf_changed":false,"footnotes":""},"class_list":["post-214","page","type-page","status-publish","hentry"],"acf":[],"yoast_head":"<!-- This site is optimized with the Yoast SEO plugin v26.9 - https:\/\/yoast.com\/product\/yoast-seo-wordpress\/ -->\n<title>Kontakt - Zabezpe\u010dovacie syst\u00e9my Morez<\/title>\n<meta name=\"description\" content=\"Vypl\u0148te formul\u00e1r ni\u017e\u0161ie, alebo n\u00e1s kontaktujte cez email \u010di telefonicky. Poskytneme V\u00e1m inform\u00e1cie o produktoch a cenov\u00fdch ponuk\u00e1ch.\" \/>\n<meta name=\"robots\" content=\"index, follow, max-snippet:-1, max-image-preview:large, max-video-preview:-1\" \/>\n<link rel=\"canonical\" href=\"https:\/\/morez.eu\/en\/contact\/\" \/>\n<meta property=\"og:locale\" content=\"en_GB\" \/>\n<meta property=\"og:type\" content=\"article\" \/>\n<meta property=\"og:title\" content=\"Kontakt - Zabezpe\u010dovacie syst\u00e9my Morez\" \/>\n<meta property=\"og:description\" content=\"Vypl\u0148te formul\u00e1r ni\u017e\u0161ie, alebo n\u00e1s kontaktujte cez email \u010di telefonicky. Poskytneme V\u00e1m inform\u00e1cie o produktoch a cenov\u00fdch ponuk\u00e1ch.\" \/>\n<meta property=\"og:url\" content=\"https:\/\/morez.eu\/en\/contact\/\" \/>\n<meta property=\"og:site_name\" content=\"Zabezpe\u010dovacie syst\u00e9my Morez\" \/>\n<meta property=\"article:modified_time\" content=\"2025-11-11T21:00:53+00:00\" \/>\n<meta name=\"twitter:card\" content=\"summary_large_image\" \/>\n<meta name=\"twitter:label1\" content=\"Estimated reading time\" \/>\n\t<meta name=\"twitter:data1\" content=\"2 minutes\" \/>\n<script type=\"application\/ld+json\" class=\"yoast-schema-graph\">{\"@context\":\"https:\/\/schema.org\",\"@graph\":[{\"@type\":\"WebPage\",\"@id\":\"https:\/\/morez.eu\/kontakt\/\",\"url\":\"https:\/\/morez.eu\/kontakt\/\",\"name\":\"Kontakt - Zabezpe\u010dovacie syst\u00e9my Morez\",\"isPartOf\":{\"@id\":\"https:\/\/morez.eu\/#website\"},\"datePublished\":\"2025-01-26T20:03:30+00:00\",\"dateModified\":\"2025-11-11T21:00:53+00:00\",\"description\":\"Vypl\u0148te formul\u00e1r ni\u017e\u0161ie, alebo n\u00e1s kontaktujte cez email \u010di telefonicky. Poskytneme V\u00e1m inform\u00e1cie o produktoch a cenov\u00fdch ponuk\u00e1ch.\",\"breadcrumb\":{\"@id\":\"https:\/\/morez.eu\/kontakt\/#breadcrumb\"},\"inLanguage\":\"en-GB\",\"potentialAction\":[{\"@type\":\"ReadAction\",\"target\":[\"https:\/\/morez.eu\/kontakt\/\"]}]},{\"@type\":\"BreadcrumbList\",\"@id\":\"https:\/\/morez.eu\/kontakt\/#breadcrumb\",\"itemListElement\":[{\"@type\":\"ListItem\",\"position\":1,\"name\":\"Domov\",\"item\":\"https:\/\/morez.eu\/\"},{\"@type\":\"ListItem\",\"position\":2,\"name\":\"Kontakt\"}]},{\"@type\":\"WebSite\",\"@id\":\"https:\/\/morez.eu\/#website\",\"url\":\"https:\/\/morez.eu\/\",\"name\":\"Zabezpe\u010dovacie syst\u00e9my Morez\",\"description\":\"Zabezpe\u010dovacie syst\u00e9my Morez\",\"potentialAction\":[{\"@type\":\"SearchAction\",\"target\":{\"@type\":\"EntryPoint\",\"urlTemplate\":\"https:\/\/morez.eu\/?s={search_term_string}\"},\"query-input\":{\"@type\":\"PropertyValueSpecification\",\"valueRequired\":true,\"valueName\":\"search_term_string\"}}],\"inLanguage\":\"en-GB\"}]}<\/script>\n<!-- \/ Yoast SEO plugin. -->","yoast_head_json":{"title":"Kontakt - Zabezpe\u010dovacie syst\u00e9my Morez","description":"Vypl\u0148te formul\u00e1r ni\u017e\u0161ie, alebo n\u00e1s kontaktujte cez email \u010di telefonicky. Poskytneme V\u00e1m inform\u00e1cie o produktoch a cenov\u00fdch ponuk\u00e1ch.","robots":{"index":"index","follow":"follow","max-snippet":"max-snippet:-1","max-image-preview":"max-image-preview:large","max-video-preview":"max-video-preview:-1"},"canonical":"https:\/\/morez.eu\/en\/contact\/","og_locale":"en_GB","og_type":"article","og_title":"Kontakt - Zabezpe\u010dovacie syst\u00e9my Morez","og_description":"Vypl\u0148te formul\u00e1r ni\u017e\u0161ie, alebo n\u00e1s kontaktujte cez email \u010di telefonicky. Poskytneme V\u00e1m inform\u00e1cie o produktoch a cenov\u00fdch ponuk\u00e1ch.","og_url":"https:\/\/morez.eu\/en\/contact\/","og_site_name":"Zabezpe\u010dovacie syst\u00e9my Morez","article_modified_time":"2025-11-11T21:00:53+00:00","twitter_card":"summary_large_image","twitter_misc":{"Estimated reading time":"2 minutes"},"schema":{"@context":"https:\/\/schema.org","@graph":[{"@type":"WebPage","@id":"https:\/\/morez.eu\/kontakt\/","url":"https:\/\/morez.eu\/kontakt\/","name":"Kontakt - Zabezpe\u010dovacie syst\u00e9my Morez","isPartOf":{"@id":"https:\/\/morez.eu\/#website"},"datePublished":"2025-01-26T20:03:30+00:00","dateModified":"2025-11-11T21:00:53+00:00","description":"Vypl\u0148te formul\u00e1r ni\u017e\u0161ie, alebo n\u00e1s kontaktujte cez email \u010di telefonicky. Poskytneme V\u00e1m inform\u00e1cie o produktoch a cenov\u00fdch ponuk\u00e1ch.","breadcrumb":{"@id":"https:\/\/morez.eu\/kontakt\/#breadcrumb"},"inLanguage":"en-GB","potentialAction":[{"@type":"ReadAction","target":["https:\/\/morez.eu\/kontakt\/"]}]},{"@type":"BreadcrumbList","@id":"https:\/\/morez.eu\/kontakt\/#breadcrumb","itemListElement":[{"@type":"ListItem","position":1,"name":"Domov","item":"https:\/\/morez.eu\/"},{"@type":"ListItem","position":2,"name":"Kontakt"}]},{"@type":"WebSite","@id":"https:\/\/morez.eu\/#website","url":"https:\/\/morez.eu\/","name":"Morez security systems","description":"Morez security systems","potentialAction":[{"@type":"SearchAction","target":{"@type":"EntryPoint","urlTemplate":"https:\/\/morez.eu\/?s={search_term_string}"},"query-input":{"@type":"PropertyValueSpecification","valueRequired":true,"valueName":"search_term_string"}}],"inLanguage":"en-GB"}]}},"_links":{"self":[{"href":"https:\/\/morez.eu\/en\/wp-json\/wp\/v2\/pages\/214","targetHints":{"allow":["GET"]}}],"collection":[{"href":"https:\/\/morez.eu\/en\/wp-json\/wp\/v2\/pages"}],"about":[{"href":"https:\/\/morez.eu\/en\/wp-json\/wp\/v2\/types\/page"}],"author":[{"embeddable":true,"href":"https:\/\/morez.eu\/en\/wp-json\/wp\/v2\/users\/8"}],"replies":[{"embeddable":true,"href":"https:\/\/morez.eu\/en\/wp-json\/wp\/v2\/comments?post=214"}],"version-history":[{"count":5,"href":"https:\/\/morez.eu\/en\/wp-json\/wp\/v2\/pages\/214\/revisions"}],"predecessor-version":[{"id":4268,"href":"https:\/\/morez.eu\/en\/wp-json\/wp\/v2\/pages\/214\/revisions\/4268"}],"wp:attachment":[{"href":"https:\/\/morez.eu\/en\/wp-json\/wp\/v2\/media?parent=214"}],"curies":[{"name":"wp","href":"https:\/\/api.w.org\/{rel}","templated":true}]}}