{"id":234,"date":"2025-01-28T20:01:03","date_gmt":"2025-01-28T19:01:03","guid":{"rendered":"https:\/\/morez.eu\/?page_id=234"},"modified":"2026-03-05T14:14:50","modified_gmt":"2026-03-05T13:14:50","slug":"referencie","status":"publish","type":"page","link":"https:\/\/morez.eu\/en\/referencie\/","title":{"rendered":"References"},"content":{"rendered":"","protected":false},"excerpt":{"rendered":"","protected":false},"author":8,"featured_media":0,"parent":0,"menu_order":0,"comment_status":"closed","ping_status":"closed","template":"","meta":{"_acf_changed":false,"footnotes":""},"class_list":["post-234","page","type-page","status-publish","hentry"],"acf":[],"yoast_head":"<!-- This site is optimized with the Yoast SEO plugin v26.9 - https:\/\/yoast.com\/product\/yoast-seo-wordpress\/ -->\n<title>Referencie - Zabezpe\u010dovacie syst\u00e9my Morez<\/title>\n<meta name=\"description\" content=\"dlhoro\u010dn\u00e9 sk\u00fasenosti s bezpe\u010dnostn\u00fdmi syst\u00e9mami, na\u0161e referencie, projekcia, dodanie, mont\u00e1\u017e, kvalifikovan\u00ed pracovn\u00edci, rozsiahle projekty\" \/>\n<meta name=\"robots\" content=\"index, follow, max-snippet:-1, max-image-preview:large, max-video-preview:-1\" \/>\n<link rel=\"canonical\" href=\"https:\/\/morez.eu\/en\/referencie\/\" \/>\n<meta property=\"og:locale\" content=\"en_GB\" \/>\n<meta property=\"og:type\" content=\"article\" \/>\n<meta property=\"og:title\" content=\"Referencie - Zabezpe\u010dovacie syst\u00e9my Morez\" \/>\n<meta property=\"og:description\" content=\"dlhoro\u010dn\u00e9 sk\u00fasenosti s bezpe\u010dnostn\u00fdmi syst\u00e9mami, na\u0161e referencie, projekcia, dodanie, mont\u00e1\u017e, kvalifikovan\u00ed pracovn\u00edci, rozsiahle projekty\" \/>\n<meta property=\"og:url\" content=\"https:\/\/morez.eu\/en\/referencie\/\" \/>\n<meta property=\"og:site_name\" content=\"Zabezpe\u010dovacie syst\u00e9my Morez\" \/>\n<meta property=\"article:modified_time\" content=\"2026-03-05T13:14:50+00:00\" \/>\n<meta name=\"twitter:card\" content=\"summary_large_image\" \/>\n<meta name=\"twitter:label1\" content=\"Estimated reading time\" \/>\n\t<meta name=\"twitter:data1\" content=\"24 minutes\" \/>\n<script type=\"application\/ld+json\" class=\"yoast-schema-graph\">{\"@context\":\"https:\/\/schema.org\",\"@graph\":[{\"@type\":\"WebPage\",\"@id\":\"https:\/\/morez.eu\/referencie\/\",\"url\":\"https:\/\/morez.eu\/referencie\/\",\"name\":\"Referencie - Zabezpe\u010dovacie syst\u00e9my Morez\",\"isPartOf\":{\"@id\":\"https:\/\/morez.eu\/#website\"},\"datePublished\":\"2025-01-28T19:01:03+00:00\",\"dateModified\":\"2026-03-05T13:14:50+00:00\",\"description\":\"dlhoro\u010dn\u00e9 sk\u00fasenosti s bezpe\u010dnostn\u00fdmi syst\u00e9mami, na\u0161e referencie, projekcia, dodanie, mont\u00e1\u017e, kvalifikovan\u00ed pracovn\u00edci, rozsiahle projekty\",\"breadcrumb\":{\"@id\":\"https:\/\/morez.eu\/referencie\/#breadcrumb\"},\"inLanguage\":\"en-GB\",\"potentialAction\":[{\"@type\":\"ReadAction\",\"target\":[\"https:\/\/morez.eu\/referencie\/\"]}]},{\"@type\":\"BreadcrumbList\",\"@id\":\"https:\/\/morez.eu\/referencie\/#breadcrumb\",\"itemListElement\":[{\"@type\":\"ListItem\",\"position\":1,\"name\":\"Domov\",\"item\":\"https:\/\/morez.eu\/\"},{\"@type\":\"ListItem\",\"position\":2,\"name\":\"Referencie\"}]},{\"@type\":\"WebSite\",\"@id\":\"https:\/\/morez.eu\/#website\",\"url\":\"https:\/\/morez.eu\/\",\"name\":\"Zabezpe\u010dovacie syst\u00e9my Morez\",\"description\":\"Zabezpe\u010dovacie syst\u00e9my Morez\",\"potentialAction\":[{\"@type\":\"SearchAction\",\"target\":{\"@type\":\"EntryPoint\",\"urlTemplate\":\"https:\/\/morez.eu\/?s={search_term_string}\"},\"query-input\":{\"@type\":\"PropertyValueSpecification\",\"valueRequired\":true,\"valueName\":\"search_term_string\"}}],\"inLanguage\":\"en-GB\"}]}<\/script>\n<!-- \/ Yoast SEO plugin. -->","yoast_head_json":{"title":"Referencie - Zabezpe\u010dovacie syst\u00e9my Morez","description":"dlhoro\u010dn\u00e9 sk\u00fasenosti s bezpe\u010dnostn\u00fdmi syst\u00e9mami, na\u0161e referencie, projekcia, dodanie, mont\u00e1\u017e, kvalifikovan\u00ed pracovn\u00edci, rozsiahle projekty","robots":{"index":"index","follow":"follow","max-snippet":"max-snippet:-1","max-image-preview":"max-image-preview:large","max-video-preview":"max-video-preview:-1"},"canonical":"https:\/\/morez.eu\/en\/referencie\/","og_locale":"en_GB","og_type":"article","og_title":"Referencie - Zabezpe\u010dovacie syst\u00e9my Morez","og_description":"dlhoro\u010dn\u00e9 sk\u00fasenosti s bezpe\u010dnostn\u00fdmi syst\u00e9mami, na\u0161e referencie, projekcia, dodanie, mont\u00e1\u017e, kvalifikovan\u00ed pracovn\u00edci, rozsiahle projekty","og_url":"https:\/\/morez.eu\/en\/referencie\/","og_site_name":"Zabezpe\u010dovacie syst\u00e9my Morez","article_modified_time":"2026-03-05T13:14:50+00:00","twitter_card":"summary_large_image","twitter_misc":{"Estimated reading time":"24 minutes"},"schema":{"@context":"https:\/\/schema.org","@graph":[{"@type":"WebPage","@id":"https:\/\/morez.eu\/referencie\/","url":"https:\/\/morez.eu\/referencie\/","name":"Referencie - Zabezpe\u010dovacie syst\u00e9my Morez","isPartOf":{"@id":"https:\/\/morez.eu\/#website"},"datePublished":"2025-01-28T19:01:03+00:00","dateModified":"2026-03-05T13:14:50+00:00","description":"dlhoro\u010dn\u00e9 sk\u00fasenosti s bezpe\u010dnostn\u00fdmi syst\u00e9mami, na\u0161e referencie, projekcia, dodanie, mont\u00e1\u017e, kvalifikovan\u00ed pracovn\u00edci, rozsiahle projekty","breadcrumb":{"@id":"https:\/\/morez.eu\/referencie\/#breadcrumb"},"inLanguage":"en-GB","potentialAction":[{"@type":"ReadAction","target":["https:\/\/morez.eu\/referencie\/"]}]},{"@type":"BreadcrumbList","@id":"https:\/\/morez.eu\/referencie\/#breadcrumb","itemListElement":[{"@type":"ListItem","position":1,"name":"Domov","item":"https:\/\/morez.eu\/"},{"@type":"ListItem","position":2,"name":"Referencie"}]},{"@type":"WebSite","@id":"https:\/\/morez.eu\/#website","url":"https:\/\/morez.eu\/","name":"Morez security systems","description":"Morez security systems","potentialAction":[{"@type":"SearchAction","target":{"@type":"EntryPoint","urlTemplate":"https:\/\/morez.eu\/?s={search_term_string}"},"query-input":{"@type":"PropertyValueSpecification","valueRequired":true,"valueName":"search_term_string"}}],"inLanguage":"en-GB"}]}},"_links":{"self":[{"href":"https:\/\/morez.eu\/en\/wp-json\/wp\/v2\/pages\/234","targetHints":{"allow":["GET"]}}],"collection":[{"href":"https:\/\/morez.eu\/en\/wp-json\/wp\/v2\/pages"}],"about":[{"href":"https:\/\/morez.eu\/en\/wp-json\/wp\/v2\/types\/page"}],"author":[{"embeddable":true,"href":"https:\/\/morez.eu\/en\/wp-json\/wp\/v2\/users\/8"}],"replies":[{"embeddable":true,"href":"https:\/\/morez.eu\/en\/wp-json\/wp\/v2\/comments?post=234"}],"version-history":[{"count":2,"href":"https:\/\/morez.eu\/en\/wp-json\/wp\/v2\/pages\/234\/revisions"}],"predecessor-version":[{"id":3949,"href":"https:\/\/morez.eu\/en\/wp-json\/wp\/v2\/pages\/234\/revisions\/3949"}],"wp:attachment":[{"href":"https:\/\/morez.eu\/en\/wp-json\/wp\/v2\/media?parent=234"}],"curies":[{"name":"wp","href":"https:\/\/api.w.org\/{rel}","templated":true}]}}