{"id":326,"date":"2025-02-04T15:32:22","date_gmt":"2025-02-04T14:32:22","guid":{"rendered":"https:\/\/morez.eu\/?page_id=326"},"modified":"2025-10-29T15:00:42","modified_gmt":"2025-10-29T14:00:42","slug":"we-contributed","status":"publish","type":"page","link":"https:\/\/morez.eu\/en\/we-contributed\/","title":{"rendered":"We contributed"},"content":{"rendered":"<p>Na\u0161a firma sa dlhodobo venuje podpore kult\u00farnych a ekologick\u00fdch projektov. Ver\u00edme, \u017ee podnikanie m\u00e1 presah nielen ekonomick\u00fd, ale aj spolo\u010densk\u00fd a environment\u00e1lny. Preto sa u\u017e nieko\u013eko rokov akt\u00edvne zap\u00e1jame do iniciat\u00edv, ktor\u00e9 chr\u00e1nia pr\u00edrodu, zve\u013ea\u010fuj\u00fa na\u0161e kult\u00farne dedi\u010dstvo a podporuj\u00fa pozit\u00edvne zmeny v spolo\u010dnosti.<\/p>\n\n\n\n<p>V MOREZ vn\u00edmame podnikanie ako priestor, kde m\u00f4\u017eeme pom\u00e1ha\u0165 aj mimo na\u0161ej pr\u00e1ce. <\/p>\n\n\n\n<p class=\"has-text-align-center\"><em>Aj mal\u00e9 kroky k podpore dobrej veci tvoria ve\u013ek\u00e9 hodnoty pre bud\u00facnos\u0165.<\/em><\/p>\n\n\n\n<figure class=\"wp-block-embed is-type-video is-provider-youtube wp-block-embed-youtube wp-embed-aspect-16-9 wp-has-aspect-ratio\"><div class=\"wp-block-embed__wrapper\">\n<iframe loading=\"lazy\" title=\"Dokument\u00e1rny film \u201e\u017divot v Karpatoch\u201c\" width=\"500\" height=\"281\" src=\"https:\/\/www.youtube.com\/embed\/13LxaooNXvs?feature=oembed\" frameborder=\"0\" allow=\"accelerometer; autoplay; clipboard-write; encrypted-media; gyroscope; picture-in-picture; web-share\" referrerpolicy=\"strict-origin-when-cross-origin\" allowfullscreen><\/iframe>\n<\/div><\/figure>","protected":false},"excerpt":{"rendered":"<p>Na\u0161a firma sa dlhodobo venuje podpore kult\u00farnych a ekologick\u00fdch projektov. Ver\u00edme, \u017ee podnikanie m\u00e1 presah nielen ekonomick\u00fd, ale aj spolo\u010densk\u00fd a environment\u00e1lny. Preto sa u\u017e nieko\u013eko rokov akt\u00edvne zap\u00e1jame do iniciat\u00edv, ktor\u00e9 chr\u00e1nia pr\u00edrodu, zve\u013ea\u010fuj\u00fa na\u0161e kult\u00farne dedi\u010dstvo a podporuj\u00fa pozit\u00edvne zmeny v spolo\u010dnosti. V MOREZ vn\u00edmame podnikanie ako priestor, kde m\u00f4\u017eeme pom\u00e1ha\u0165 aj mimo [&hellip;]<\/p>\n","protected":false},"author":8,"featured_media":3515,"parent":0,"menu_order":0,"comment_status":"closed","ping_status":"closed","template":"","meta":{"_acf_changed":false,"footnotes":""},"class_list":["post-326","page","type-page","status-publish","has-post-thumbnail","hentry"],"acf":[],"yoast_head":"<!-- This site is optimized with the Yoast SEO plugin v26.9 - https:\/\/yoast.com\/product\/yoast-seo-wordpress\/ -->\n<title>Prispeli sme - Zabezpe\u010dovacie syst\u00e9my Morez<\/title>\n<meta name=\"description\" content=\"Podporujeme kult\u00farne a ekologick\u00e9 projekty. Ver\u00edme, \u017ee podnikanie m\u00e1 presah nielen ekonomick\u00fd, ale aj spolo\u010densk\u00fd a environment\u00e1lny.\" \/>\n<meta name=\"robots\" content=\"index, follow, max-snippet:-1, max-image-preview:large, max-video-preview:-1\" \/>\n<link rel=\"canonical\" href=\"https:\/\/morez.eu\/en\/we-contributed\/\" \/>\n<meta property=\"og:locale\" content=\"en_GB\" \/>\n<meta property=\"og:type\" content=\"article\" \/>\n<meta property=\"og:title\" content=\"Prispeli sme - Zabezpe\u010dovacie syst\u00e9my Morez\" \/>\n<meta property=\"og:description\" content=\"Podporujeme kult\u00farne a ekologick\u00e9 projekty. Ver\u00edme, \u017ee podnikanie m\u00e1 presah nielen ekonomick\u00fd, ale aj spolo\u010densk\u00fd a environment\u00e1lny.\" \/>\n<meta property=\"og:url\" content=\"https:\/\/morez.eu\/en\/we-contributed\/\" \/>\n<meta property=\"og:site_name\" content=\"Zabezpe\u010dovacie syst\u00e9my Morez\" \/>\n<meta property=\"article:modified_time\" content=\"2025-10-29T14:00:42+00:00\" \/>\n<meta property=\"og:image\" content=\"https:\/\/morez.eu\/wp-content\/uploads\/2025\/06\/arolla-film.jpg\" \/>\n\t<meta property=\"og:image:width\" content=\"225\" \/>\n\t<meta property=\"og:image:height\" content=\"225\" \/>\n\t<meta property=\"og:image:type\" content=\"image\/jpeg\" \/>\n<meta name=\"twitter:card\" content=\"summary_large_image\" \/>\n<meta name=\"twitter:label1\" content=\"Estimated reading time\" \/>\n\t<meta name=\"twitter:data1\" content=\"3 minutes\" \/>\n<script type=\"application\/ld+json\" class=\"yoast-schema-graph\">{\"@context\":\"https:\/\/schema.org\",\"@graph\":[{\"@type\":\"WebPage\",\"@id\":\"https:\/\/morez.eu\/prispeli-sme\/\",\"url\":\"https:\/\/morez.eu\/prispeli-sme\/\",\"name\":\"Prispeli sme - Zabezpe\u010dovacie syst\u00e9my Morez\",\"isPartOf\":{\"@id\":\"https:\/\/morez.eu\/#website\"},\"primaryImageOfPage\":{\"@id\":\"https:\/\/morez.eu\/prispeli-sme\/#primaryimage\"},\"image\":{\"@id\":\"https:\/\/morez.eu\/prispeli-sme\/#primaryimage\"},\"thumbnailUrl\":\"https:\/\/morez.eu\/wp-content\/uploads\/2025\/06\/arolla-film.jpg\",\"datePublished\":\"2025-02-04T14:32:22+00:00\",\"dateModified\":\"2025-10-29T14:00:42+00:00\",\"description\":\"Podporujeme kult\u00farne a ekologick\u00e9 projekty. Ver\u00edme, \u017ee podnikanie m\u00e1 presah nielen ekonomick\u00fd, ale aj spolo\u010densk\u00fd a environment\u00e1lny.\",\"breadcrumb\":{\"@id\":\"https:\/\/morez.eu\/prispeli-sme\/#breadcrumb\"},\"inLanguage\":\"en-GB\",\"potentialAction\":[{\"@type\":\"ReadAction\",\"target\":[\"https:\/\/morez.eu\/prispeli-sme\/\"]}]},{\"@type\":\"ImageObject\",\"inLanguage\":\"en-GB\",\"@id\":\"https:\/\/morez.eu\/prispeli-sme\/#primaryimage\",\"url\":\"https:\/\/morez.eu\/wp-content\/uploads\/2025\/06\/arolla-film.jpg\",\"contentUrl\":\"https:\/\/morez.eu\/wp-content\/uploads\/2025\/06\/arolla-film.jpg\",\"width\":225,\"height\":225},{\"@type\":\"BreadcrumbList\",\"@id\":\"https:\/\/morez.eu\/prispeli-sme\/#breadcrumb\",\"itemListElement\":[{\"@type\":\"ListItem\",\"position\":1,\"name\":\"Domov\",\"item\":\"https:\/\/morez.eu\/\"},{\"@type\":\"ListItem\",\"position\":2,\"name\":\"Prispeli sme\"}]},{\"@type\":\"WebSite\",\"@id\":\"https:\/\/morez.eu\/#website\",\"url\":\"https:\/\/morez.eu\/\",\"name\":\"Zabezpe\u010dovacie syst\u00e9my Morez\",\"description\":\"Zabezpe\u010dovacie syst\u00e9my Morez\",\"potentialAction\":[{\"@type\":\"SearchAction\",\"target\":{\"@type\":\"EntryPoint\",\"urlTemplate\":\"https:\/\/morez.eu\/?s={search_term_string}\"},\"query-input\":{\"@type\":\"PropertyValueSpecification\",\"valueRequired\":true,\"valueName\":\"search_term_string\"}}],\"inLanguage\":\"en-GB\"}]}<\/script>\n<!-- \/ Yoast SEO plugin. -->","yoast_head_json":{"title":"Prispeli sme - Zabezpe\u010dovacie syst\u00e9my Morez","description":"Podporujeme kult\u00farne a ekologick\u00e9 projekty. Ver\u00edme, \u017ee podnikanie m\u00e1 presah nielen ekonomick\u00fd, ale aj spolo\u010densk\u00fd a environment\u00e1lny.","robots":{"index":"index","follow":"follow","max-snippet":"max-snippet:-1","max-image-preview":"max-image-preview:large","max-video-preview":"max-video-preview:-1"},"canonical":"https:\/\/morez.eu\/en\/we-contributed\/","og_locale":"en_GB","og_type":"article","og_title":"Prispeli sme - Zabezpe\u010dovacie syst\u00e9my Morez","og_description":"Podporujeme kult\u00farne a ekologick\u00e9 projekty. Ver\u00edme, \u017ee podnikanie m\u00e1 presah nielen ekonomick\u00fd, ale aj spolo\u010densk\u00fd a environment\u00e1lny.","og_url":"https:\/\/morez.eu\/en\/we-contributed\/","og_site_name":"Zabezpe\u010dovacie syst\u00e9my Morez","article_modified_time":"2025-10-29T14:00:42+00:00","og_image":[{"width":225,"height":225,"url":"https:\/\/morez.eu\/wp-content\/uploads\/2025\/06\/arolla-film.jpg","type":"image\/jpeg"}],"twitter_card":"summary_large_image","twitter_misc":{"Estimated reading time":"3 minutes"},"schema":{"@context":"https:\/\/schema.org","@graph":[{"@type":"WebPage","@id":"https:\/\/morez.eu\/prispeli-sme\/","url":"https:\/\/morez.eu\/prispeli-sme\/","name":"Prispeli sme - Zabezpe\u010dovacie syst\u00e9my Morez","isPartOf":{"@id":"https:\/\/morez.eu\/#website"},"primaryImageOfPage":{"@id":"https:\/\/morez.eu\/prispeli-sme\/#primaryimage"},"image":{"@id":"https:\/\/morez.eu\/prispeli-sme\/#primaryimage"},"thumbnailUrl":"https:\/\/morez.eu\/wp-content\/uploads\/2025\/06\/arolla-film.jpg","datePublished":"2025-02-04T14:32:22+00:00","dateModified":"2025-10-29T14:00:42+00:00","description":"Podporujeme kult\u00farne a ekologick\u00e9 projekty. Ver\u00edme, \u017ee podnikanie m\u00e1 presah nielen ekonomick\u00fd, ale aj spolo\u010densk\u00fd a environment\u00e1lny.","breadcrumb":{"@id":"https:\/\/morez.eu\/prispeli-sme\/#breadcrumb"},"inLanguage":"en-GB","potentialAction":[{"@type":"ReadAction","target":["https:\/\/morez.eu\/prispeli-sme\/"]}]},{"@type":"ImageObject","inLanguage":"en-GB","@id":"https:\/\/morez.eu\/prispeli-sme\/#primaryimage","url":"https:\/\/morez.eu\/wp-content\/uploads\/2025\/06\/arolla-film.jpg","contentUrl":"https:\/\/morez.eu\/wp-content\/uploads\/2025\/06\/arolla-film.jpg","width":225,"height":225},{"@type":"BreadcrumbList","@id":"https:\/\/morez.eu\/prispeli-sme\/#breadcrumb","itemListElement":[{"@type":"ListItem","position":1,"name":"Domov","item":"https:\/\/morez.eu\/"},{"@type":"ListItem","position":2,"name":"Prispeli sme"}]},{"@type":"WebSite","@id":"https:\/\/morez.eu\/#website","url":"https:\/\/morez.eu\/","name":"Morez security systems","description":"Morez security systems","potentialAction":[{"@type":"SearchAction","target":{"@type":"EntryPoint","urlTemplate":"https:\/\/morez.eu\/?s={search_term_string}"},"query-input":{"@type":"PropertyValueSpecification","valueRequired":true,"valueName":"search_term_string"}}],"inLanguage":"en-GB"}]}},"_links":{"self":[{"href":"https:\/\/morez.eu\/en\/wp-json\/wp\/v2\/pages\/326","targetHints":{"allow":["GET"]}}],"collection":[{"href":"https:\/\/morez.eu\/en\/wp-json\/wp\/v2\/pages"}],"about":[{"href":"https:\/\/morez.eu\/en\/wp-json\/wp\/v2\/types\/page"}],"author":[{"embeddable":true,"href":"https:\/\/morez.eu\/en\/wp-json\/wp\/v2\/users\/8"}],"replies":[{"embeddable":true,"href":"https:\/\/morez.eu\/en\/wp-json\/wp\/v2\/comments?post=326"}],"version-history":[{"count":6,"href":"https:\/\/morez.eu\/en\/wp-json\/wp\/v2\/pages\/326\/revisions"}],"predecessor-version":[{"id":4223,"href":"https:\/\/morez.eu\/en\/wp-json\/wp\/v2\/pages\/326\/revisions\/4223"}],"wp:featuredmedia":[{"embeddable":true,"href":"https:\/\/morez.eu\/en\/wp-json\/wp\/v2\/media\/3515"}],"wp:attachment":[{"href":"https:\/\/morez.eu\/en\/wp-json\/wp\/v2\/media?parent=326"}],"curies":[{"name":"wp","href":"https:\/\/api.w.org\/{rel}","templated":true}]}}